{"id":88,"date":"2025-07-01T09:13:30","date_gmt":"2025-07-01T07:13:30","guid":{"rendered":"https:\/\/tao-magic-glisse.com\/?page_id=88"},"modified":"2025-07-02T11:44:03","modified_gmt":"2025-07-02T09:44:03","slug":"politica-de-privacidad","status":"publish","type":"page","link":"https:\/\/tao-magic-glisse.com\/es\/politique-de-confidentialite\/","title":{"rendered":"Pol\u00edtica de privacidad"},"content":{"rendered":"\n<p><strong>Derni\u00e8re mise \u00e0 jour : <\/strong>02\/07\/2025<\/p>\n\n\n<style>.wp-block-kadence-advancedheading.kt-adv-heading88_0ec867-11, .wp-block-kadence-advancedheading.kt-adv-heading88_0ec867-11[data-kb-block=\"kb-adv-heading88_0ec867-11\"]{font-style:normal;}.wp-block-kadence-advancedheading.kt-adv-heading88_0ec867-11 mark.kt-highlight, .wp-block-kadence-advancedheading.kt-adv-heading88_0ec867-11[data-kb-block=\"kb-adv-heading88_0ec867-11\"] mark.kt-highlight{font-style:normal;color:#f76a0c;-webkit-box-decoration-break:clone;box-decoration-break:clone;padding-top:0px;padding-right:0px;padding-bottom:0px;padding-left:0px;}.wp-block-kadence-advancedheading.kt-adv-heading88_0ec867-11 img.kb-inline-image, .wp-block-kadence-advancedheading.kt-adv-heading88_0ec867-11[data-kb-block=\"kb-adv-heading88_0ec867-11\"] img.kb-inline-image{width:150px;vertical-align:baseline;}<\/style>\n<p id=\"adresse-mail\" class=\"kt-adv-heading88_0ec867-11 wp-block-kadence-advancedheading\" data-kb-block=\"kb-adv-heading88_0ec867-11\">Adresse email de contact: <\/p>\n\n\n\n<p><strong>R\u00caVES DES LANDES<\/strong> (\u00ab nous \u00bb, \u00ab notre \u00bb, \u00ab nos \u00bb) exploite le site <strong>TAO-MAGIC-GLISSE.COM<\/strong> (le \u00ab Service \u00bb). Cette politique de confidentialit\u00e9 explique comment nous collectons, utilisons, partageons et prot\u00e9geons vos donn\u00e9es personnelles conform\u00e9ment au <strong>R\u00e8glement G\u00e9n\u00e9ral sur la Protection des Donn\u00e9es (RGPD) (UE) 2016\/679<\/strong> et aux autres lois applicables sur la protection des donn\u00e9es dans l\u2019Union europ\u00e9enne.<\/p>\n\n\n\n<p>En utilisant notre Service, vous acceptez les pratiques d\u00e9crites dans cette politique.<\/p>\n\n\n\n<h2 class=\"wp-block-heading\"><strong>1. Donn\u00e9es Personnelles que Nous Collectons<\/strong><\/h2>\n\n\n\n<p>Nous pouvons collecter les types de donn\u00e9es suivants :<\/p>\n\n\n\n<ul class=\"wp-block-list\">\n<li><strong>Informations que vous nous fournissez<\/strong> : Nom, adresse e-mail, num\u00e9ro de t\u00e9l\u00e9phone, donn\u00e9es de paiement (le cas \u00e9ch\u00e9ant), et autres informations que vous soumettez via des formulaires.<\/li>\n\n\n\n<li><strong>Donn\u00e9es de navigation<\/strong> : Adresse IP, type de navigateur, pages visit\u00e9es, dur\u00e9e de visite, et autres donn\u00e9es collect\u00e9es via des cookies et technologies similaires.<\/li>\n\n\n\n<li><strong>Donn\u00e9es de localisation<\/strong> : Si vous autorisez leur acc\u00e8s, nous pouvons collecter des donn\u00e9es g\u00e9olocalis\u00e9es.<\/li>\n<\/ul>\n\n\n\n<h2 class=\"wp-block-heading\"><strong>2. Finalit\u00e9s du Traitement des Donn\u00e9es<\/strong><\/h2>\n\n\n\n<p>Nous utilisons vos donn\u00e9es pour :<\/p>\n\n\n\n<ul class=\"wp-block-list\">\n<li>Fournir, maintenir et am\u00e9liorer notre Service.<\/li>\n\n\n\n<li>R\u00e9pondre \u00e0 vos demandes et vous assister.<\/li>\n\n\n\n<li>Envoyer des communications marketing (uniquement avec votre consentement).<\/li>\n\n\n\n<li>Respecter nos obligations l\u00e9gales et pr\u00e9venir les fraudes.<\/li>\n<\/ul>\n\n\n\n<h2 class=\"wp-block-heading\"><strong>3. Bases Juridiques du Traitement<\/strong><\/h2>\n\n\n\n<p>Nous traitons vos donn\u00e9es sur la base :<\/p>\n\n\n\n<ul class=\"wp-block-list\">\n<li>De votre <strong>consentement<\/strong> (pour les newsletters, par exemple).<\/li>\n\n\n\n<li>De l\u2019<strong>ex\u00e9cution d\u2019un contrat<\/strong> (pour fournir le Service).<\/li>\n\n\n\n<li>De nos <strong>obligations l\u00e9gales<\/strong> (respect des lois europ\u00e9ennes).<\/li>\n\n\n\n<li>De nos <strong>int\u00e9r\u00eats l\u00e9gitimes<\/strong> (analyse du trafic, s\u00e9curit\u00e9).<\/li>\n<\/ul>\n\n\n\n<h2 class=\"wp-block-heading\"><strong>4. Partage des Donn\u00e9es<\/strong><\/h2>\n\n\n\n<p>Nous pouvons partager vos donn\u00e9es avec :<\/p>\n\n\n\n<ul class=\"wp-block-list\">\n<li><strong>Prestataires de services<\/strong> (h\u00e9bergeurs, services de paiement) sous stricte confidentialit\u00e9.<\/li>\n\n\n\n<li><strong>Autorit\u00e9s l\u00e9gales<\/strong> si requis par la loi europ\u00e9enne.<\/li>\n\n\n\n<li><strong>Parties tierces<\/strong> en cas de fusion ou acquisition, avec notification pr\u00e9alable.<\/li>\n<\/ul>\n\n\n\n<p>Nous ne vendons pas vos donn\u00e9es \u00e0 des fins commerciales.<\/p>\n\n\n\n<h2 class=\"wp-block-heading\"><strong>5. Transferts de Donn\u00e9es en dehors de l\u2019UE<\/strong><\/h2>\n\n\n\n<p>Si vos donn\u00e9es sont transf\u00e9r\u00e9es hors de l\u2019UE, nous veillons \u00e0 ce que des garanties appropri\u00e9es (Clauses Contractuelles Types de l\u2019UE) soient en place pour assurer une protection ad\u00e9quate.<\/p>\n\n\n\n<h2 class=\"wp-block-heading\"><strong>6. S\u00e9curit\u00e9 des Donn\u00e9es<\/strong><\/h2>\n\n\n\n<p>Nous mettons en \u0153uvre des mesures techniques et organisationnelles (chiffrement, acc\u00e8s restreint) pour prot\u00e9ger vos donn\u00e9es contre tout acc\u00e8s non autoris\u00e9 ou violation.<\/p>\n\n\n\n<h2 class=\"wp-block-heading\"><strong>7. Conservation des Donn\u00e9es<\/strong><\/h2>\n\n\n\n<p>Nous conservons vos donn\u00e9es uniquement le temps n\u00e9cessaire aux finalit\u00e9s d\u00e9crites, sauf si la loi exige une dur\u00e9e plus longue.<\/p>\n\n\n\n<h2 class=\"wp-block-heading\"><strong>8. Vos Droits en vertu du RGPD<\/strong><\/h2>\n\n\n\n<p>Vous avez le droit de :<\/p>\n\n\n\n<ul class=\"wp-block-list\">\n<li><strong>Acc\u00e9der<\/strong> \u00e0 vos donn\u00e9es ou les <strong>rectifier<\/strong>.<\/li>\n\n\n\n<li><strong>Supprimer<\/strong> vos donn\u00e9es (\u00ab droit \u00e0 l\u2019oubli \u00bb).<\/li>\n\n\n\n<li><strong>Limiter<\/strong> ou <strong>s\u2019opposer<\/strong> \u00e0 leur traitement.<\/li>\n\n\n\n<li><strong>Portabilit\u00e9<\/strong> des donn\u00e9es (obtenir une copie dans un format structur\u00e9).<\/li>\n\n\n\n<li><strong>Retirer votre consentement<\/strong> \u00e0 tout moment.<\/li>\n<\/ul>\n\n\n\n<p>Pour exercer ces droits, contactez-nous \u00e0 <a href=\"#adresse-mail\">l\u2019adresse e-mail de contact<\/a> indiqu\u00e9 plus haut ou via notre formulaire en ligne.<\/p>\n\n\n\n<h2 class=\"wp-block-heading\"><strong>9. Cookies et Technologies Similaires<\/strong><\/h2>\n\n\n\n<p>Nous utilisons des cookies pour am\u00e9liorer l\u2019exp\u00e9rience utilisateur. Vous pouvez les d\u00e9sactiver via les param\u00e8tres de votre navigateur.<\/p>\n\n\n\n<h2 class=\"wp-block-heading\"><strong>10. Modifications de cette Politique<\/strong><\/h2>\n\n\n\n<p>Nous pouvons mettre \u00e0 jour cette politique. Les changements seront publi\u00e9s sur cette page avec une nouvelle date de r\u00e9vision.<\/p>\n\n\n\n<h2 class=\"wp-block-heading\"><strong>11. Nous Contacter<\/strong><\/h2>\n\n\n\n<p>Pour toute question concernant cette politique ou vos donn\u00e9es, utilisez notre <a href=\"#adresse-mail\">adresse e-mail de contact<\/a> indiqu\u00e9 plus haut ou via notre formulaire en ligne.<\/p>\n\n\n\n<hr class=\"wp-block-separator has-alpha-channel-opacity\" \/>\n\n\n\n<p><em>Cette politique a \u00e9t\u00e9 r\u00e9dig\u00e9e en conformit\u00e9 avec le RGPD et les directives europ\u00e9ennes en vigueur.<\/em><\/p>\n","protected":false},"excerpt":{"rendered":"<p>\u00daltima actualizaci\u00f3n: 02\/07\/2025 Direcci\u00f3n de correo electr\u00f3nico de contacto: R\u00caVES DES LANDES (\"nosotros\", \"nos\", \"nuestro\") opera el sitio web TAO-MAGIC-GLISSE.COM (el \"Servicio\"). Esta pol\u00edtica de privacidad explica c\u00f3mo recopilamos, utilizamos, compartimos y protegemos sus datos personales de acuerdo con el Reglamento General de Protecci\u00f3n de Datos (RGPD)....<\/p>","protected":false},"author":2,"featured_media":0,"parent":0,"menu_order":0,"comment_status":"closed","ping_status":"closed","template":"","meta":{"_kad_blocks_custom_css":"","_kad_blocks_head_custom_js":"","_kad_blocks_body_custom_js":"","_kad_blocks_footer_custom_js":"","_kadence_starter_templates_imported_post":false,"_kad_post_transparent":"","_kad_post_title":"","_kad_post_layout":"narrow","_kad_post_sidebar_id":"","_kad_post_content_style":"","_kad_post_vertical_padding":"","_kad_post_feature":"","_kad_post_feature_position":"","_kad_post_header":false,"_kad_post_footer":false,"_kad_post_classname":"","footnotes":""},"class_list":["post-88","page","type-page","status-publish","hentry"],"taxonomy_info":[],"featured_image_src_large":false,"author_info":{"display_name":"manon","author_link":"https:\/\/tao-magic-glisse.com\/es\/author\/manon\/"},"comment_info":"","_links":{"self":[{"href":"https:\/\/tao-magic-glisse.com\/es\/wp-json\/wp\/v2\/pages\/88","targetHints":{"allow":["GET"]}}],"collection":[{"href":"https:\/\/tao-magic-glisse.com\/es\/wp-json\/wp\/v2\/pages"}],"about":[{"href":"https:\/\/tao-magic-glisse.com\/es\/wp-json\/wp\/v2\/types\/page"}],"author":[{"embeddable":true,"href":"https:\/\/tao-magic-glisse.com\/es\/wp-json\/wp\/v2\/users\/2"}],"replies":[{"embeddable":true,"href":"https:\/\/tao-magic-glisse.com\/es\/wp-json\/wp\/v2\/comments?post=88"}],"version-history":[{"count":0,"href":"https:\/\/tao-magic-glisse.com\/es\/wp-json\/wp\/v2\/pages\/88\/revisions"}],"wp:attachment":[{"href":"https:\/\/tao-magic-glisse.com\/es\/wp-json\/wp\/v2\/media?parent=88"}],"curies":[{"name":"wp","href":"https:\/\/api.w.org\/{rel}","templated":true}]}}