{"id":595,"date":"2025-10-17T14:25:56","date_gmt":"2025-10-17T12:25:56","guid":{"rendered":"https:\/\/tao-magic-glisse.com\/?page_id=595"},"modified":"2025-10-17T14:25:57","modified_gmt":"2025-10-17T12:25:57","slug":"clases-de-surf-en-grupo","status":"publish","type":"page","link":"https:\/\/tao-magic-glisse.com\/es\/cours-de-surf-collectifs\/","title":{"rendered":"Clases de surf en grupo"},"content":{"rendered":"<style>.wp-block-kadence-advancedheading.kt-adv-heading595_64e568-a1, .wp-block-kadence-advancedheading.kt-adv-heading595_64e568-a1[data-kb-block=\"kb-adv-heading595_64e568-a1\"]{font-style:normal;}.wp-block-kadence-advancedheading.kt-adv-heading595_64e568-a1 mark.kt-highlight, .wp-block-kadence-advancedheading.kt-adv-heading595_64e568-a1[data-kb-block=\"kb-adv-heading595_64e568-a1\"] mark.kt-highlight{font-style:normal;color:#f76a0c;-webkit-box-decoration-break:clone;box-decoration-break:clone;padding-top:0px;padding-right:0px;padding-bottom:0px;padding-left:0px;}.wp-block-kadence-advancedheading.kt-adv-heading595_64e568-a1 img.kb-inline-image, .wp-block-kadence-advancedheading.kt-adv-heading595_64e568-a1[data-kb-block=\"kb-adv-heading595_64e568-a1\"] img.kb-inline-image{width:150px;vertical-align:baseline;}<\/style>\n<h3 class=\"kt-adv-heading595_64e568-a1 wp-block-kadence-advancedheading\" data-kb-block=\"kb-adv-heading595_64e568-a1\">Les cours de surf s\u2019adressent \u00e0&nbsp;<mark class=\"has-inline-color has-theme-palette-1-color\">tous<\/mark>, enfants, ados ou adultes, et \u00e0&nbsp;<mark class=\"has-inline-color has-theme-palette-1-color\">tous les niveaux de surf<\/mark>&nbsp;du d\u00e9butant au confirm\u00e9.<\/h3>\n\n\n<style>.wp-block-kadence-advancedheading.kt-adv-heading595_dd79de-59, .wp-block-kadence-advancedheading.kt-adv-heading595_dd79de-59[data-kb-block=\"kb-adv-heading595_dd79de-59\"]{font-style:normal;}.wp-block-kadence-advancedheading.kt-adv-heading595_dd79de-59 mark.kt-highlight, .wp-block-kadence-advancedheading.kt-adv-heading595_dd79de-59[data-kb-block=\"kb-adv-heading595_dd79de-59\"] mark.kt-highlight{font-style:normal;color:#f76a0c;-webkit-box-decoration-break:clone;box-decoration-break:clone;padding-top:0px;padding-right:0px;padding-bottom:0px;padding-left:0px;}.wp-block-kadence-advancedheading.kt-adv-heading595_dd79de-59 img.kb-inline-image, .wp-block-kadence-advancedheading.kt-adv-heading595_dd79de-59[data-kb-block=\"kb-adv-heading595_dd79de-59\"] img.kb-inline-image{width:150px;vertical-align:baseline;}<\/style>\n<h2 class=\"kt-adv-heading595_dd79de-59 wp-block-kadence-advancedheading has-theme-palette-2-color has-text-color\" data-kb-block=\"kb-adv-heading595_dd79de-59\">Lieu<\/h2>\n\n\n\n<p>Les cours de surf se d\u00e9roulent soit \u00e0 Hossegor, soit \u00e0 Capbreton, soit \u00e0 Seignosse. Le lieu des cours de surf d\u00e9pendra de la m\u00e9t\u00e9o, des mar\u00e9es et des conditions de houles. Les cours se d\u00e9roulent en g\u00e9n\u00e9ral \u00e0 la plage Sud d\u2019Hossegor, face au Surfshop de Tao Magic Glisse.Les participants sont amen\u00e9s sur d\u2019autres spots de surf des Landes quand les conditions ne sont pas optimales sur les plages Centrale et La Sud d\u2019Hossegor.<\/p>\n\n\n<style>.wp-block-kadence-advancedheading.kt-adv-heading595_471a1d-ac, .wp-block-kadence-advancedheading.kt-adv-heading595_471a1d-ac[data-kb-block=\"kb-adv-heading595_471a1d-ac\"]{font-style:normal;}.wp-block-kadence-advancedheading.kt-adv-heading595_471a1d-ac mark.kt-highlight, .wp-block-kadence-advancedheading.kt-adv-heading595_471a1d-ac[data-kb-block=\"kb-adv-heading595_471a1d-ac\"] mark.kt-highlight{font-style:normal;color:#f76a0c;-webkit-box-decoration-break:clone;box-decoration-break:clone;padding-top:0px;padding-right:0px;padding-bottom:0px;padding-left:0px;}.wp-block-kadence-advancedheading.kt-adv-heading595_471a1d-ac img.kb-inline-image, .wp-block-kadence-advancedheading.kt-adv-heading595_471a1d-ac[data-kb-block=\"kb-adv-heading595_471a1d-ac\"] img.kb-inline-image{width:150px;vertical-align:baseline;}<\/style>\n<h2 class=\"kt-adv-heading595_471a1d-ac wp-block-kadence-advancedheading has-theme-palette-6-color has-text-color\" data-kb-block=\"kb-adv-heading595_471a1d-ac\">Mat\u00e9riel<\/h2>\n\n\n\n<p>Le club met \u00e0 disposition du mat\u00e9riel de surf adapt\u00e9 au niveau de l\u2019\u00e9l\u00e8ve. Les planches, les combinaisons et tous les \u00e9quipements propos\u00e9s par l\u2019\u00e9cole de surf d\u2019Hossegor Tao Magic Glisse sont tr\u00e8s fr\u00e9quemment renouvel\u00e9s. Soucieux de notre environnement, nous d\u00e9sinfectons toutes les combinaisons apr\u00e8s chaque utilisation avec un produit totalement bio et hypoallerg\u00e9nique pour une hygi\u00e8ne optimale.<\/p>\n\n\n<style>.wp-block-kadence-advancedheading.kt-adv-heading595_fd8fff-fb, .wp-block-kadence-advancedheading.kt-adv-heading595_fd8fff-fb[data-kb-block=\"kb-adv-heading595_fd8fff-fb\"]{font-style:normal;}.wp-block-kadence-advancedheading.kt-adv-heading595_fd8fff-fb mark.kt-highlight, .wp-block-kadence-advancedheading.kt-adv-heading595_fd8fff-fb[data-kb-block=\"kb-adv-heading595_fd8fff-fb\"] mark.kt-highlight{font-style:normal;color:#f76a0c;-webkit-box-decoration-break:clone;box-decoration-break:clone;padding-top:0px;padding-right:0px;padding-bottom:0px;padding-left:0px;}.wp-block-kadence-advancedheading.kt-adv-heading595_fd8fff-fb img.kb-inline-image, .wp-block-kadence-advancedheading.kt-adv-heading595_fd8fff-fb[data-kb-block=\"kb-adv-heading595_fd8fff-fb\"] img.kb-inline-image{width:150px;vertical-align:baseline;}<\/style>\n<h2 class=\"kt-adv-heading595_fd8fff-fb wp-block-kadence-advancedheading has-theme-palette-1-color has-text-color\" data-kb-block=\"kb-adv-heading595_fd8fff-fb\">S\u00e9curit\u00e9 et encadrement<\/h2>\n\n\n\n<p>Chaque groupe (maximum de 8 personnes) ou chaque surfeur est encadr\u00e9 par un moniteur de l\u2019\u00e9quipe de moniteurs diplom\u00e9s du Brevet d\u2019Etat de la F\u00e9d\u00e9ration Fran\u00e7aise de Surf&nbsp;.<br>Les groupes sont compos\u00e9s par niveau. Les moniteurs accompagnent les \u00e9l\u00e8ves dans l\u2019eau.<\/p>\n\n\n<style>.wp-block-kadence-advancedheading.kt-adv-heading595_4dbeac-a6, .wp-block-kadence-advancedheading.kt-adv-heading595_4dbeac-a6[data-kb-block=\"kb-adv-heading595_4dbeac-a6\"]{font-style:normal;}.wp-block-kadence-advancedheading.kt-adv-heading595_4dbeac-a6 mark.kt-highlight, .wp-block-kadence-advancedheading.kt-adv-heading595_4dbeac-a6[data-kb-block=\"kb-adv-heading595_4dbeac-a6\"] mark.kt-highlight{font-style:normal;color:#f76a0c;-webkit-box-decoration-break:clone;box-decoration-break:clone;padding-top:0px;padding-right:0px;padding-bottom:0px;padding-left:0px;}.wp-block-kadence-advancedheading.kt-adv-heading595_4dbeac-a6 img.kb-inline-image, .wp-block-kadence-advancedheading.kt-adv-heading595_4dbeac-a6[data-kb-block=\"kb-adv-heading595_4dbeac-a6\"] img.kb-inline-image{width:150px;vertical-align:baseline;}<\/style>\n<h2 class=\"kt-adv-heading595_4dbeac-a6 wp-block-kadence-advancedheading has-theme-palette-7-color has-text-color\" data-kb-block=\"kb-adv-heading595_4dbeac-a6\">Tarif<\/h2>\n\n\n\n<p>Tarif par personne, cours + \u00e9quipement<br>1h30 ~ <strong>42\u20ac<\/strong><br>3h00 ~ <strong>75\u20ac<\/strong><\/p>\n\n\n<style>.wp-block-kadence-advancedbtn.kt-btns595_86455d-a8, .site .entry-content .wp-block-kadence-advancedbtn.kt-btns595_86455d-a8, .wp-block-kadence-advancedbtn.kb-btns595_86455d-a8, .site .entry-content .wp-block-kadence-advancedbtn.kb-btns595_86455d-a8{margin-top:var(--global-kb-spacing-md, 2rem);margin-bottom:var(--global-kb-spacing-xl, 4rem);}.wp-block-kadence-advancedbtn.kb-btns595_86455d-a8{gap:var(--global-kb-gap-xs, 0.5rem );justify-content:center;align-items:center;}.kt-btns595_86455d-a8 .kt-button{font-weight:normal;font-style:normal;}.kt-btns595_86455d-a8 .kt-btn-wrap-0{margin-right:5px;}.wp-block-kadence-advancedbtn.kt-btns595_86455d-a8 .kt-btn-wrap-0 .kt-button{color:#555555;border-color:#555555;}.wp-block-kadence-advancedbtn.kt-btns595_86455d-a8 .kt-btn-wrap-0 .kt-button:hover, .wp-block-kadence-advancedbtn.kt-btns595_86455d-a8 .kt-btn-wrap-0 .kt-button:focus{color:#ffffff;border-color:#444444;}.wp-block-kadence-advancedbtn.kt-btns595_86455d-a8 .kt-btn-wrap-0 .kt-button::before{display:none;}.wp-block-kadence-advancedbtn.kt-btns595_86455d-a8 .kt-btn-wrap-0 .kt-button:hover, .wp-block-kadence-advancedbtn.kt-btns595_86455d-a8 .kt-btn-wrap-0 .kt-button:focus{background:#444444;}<\/style>\n<div class=\"wp-block-kadence-advancedbtn kb-buttons-wrap kb-btns595_86455d-a8\"><style>ul.menu .wp-block-kadence-advancedbtn .kb-btn595_00d5a7-4a.kb-button{width:initial;}.wp-block-kadence-advancedbtn .kb-btn595_00d5a7-4a.kb-button{margin-bottom:0px;}<\/style><a class=\"kb-button kt-button button kb-btn595_00d5a7-4a kt-btn-size-standard kt-btn-width-type-auto kb-btn-global-inherit  kt-btn-has-text-true kt-btn-has-svg-false  wp-block-button__link wp-block-kadence-singlebtn\" href=\"https:\/\/tao-magic-glisse.com\/reservations\/\"><span class=\"kt-btn-inner-text\">R\u00e9serve tes sessions<\/span><\/a><\/div>\n","protected":false},"excerpt":{"rendered":"<p>Las clases de surf son para todos, ni\u00f1os, adolescentes y adultos, y para todos los niveles de surf, desde principiantes hasta avanzados. Ubicaci\u00f3n Las clases de surf se imparten en Hossegor, Capbreton o Seignosse. El lugar de las clases de surf depender\u00e1 del tiempo, las mareas y las condiciones del oleaje. Las clases son...<\/p>","protected":false},"author":2,"featured_media":669,"parent":0,"menu_order":0,"comment_status":"closed","ping_status":"closed","template":"","meta":{"_kad_blocks_custom_css":"","_kad_blocks_head_custom_js":"","_kad_blocks_body_custom_js":"","_kad_blocks_footer_custom_js":"","_kadence_starter_templates_imported_post":false,"_kad_post_transparent":"","_kad_post_title":"","_kad_post_layout":"narrow","_kad_post_sidebar_id":"","_kad_post_content_style":"boxed","_kad_post_vertical_padding":"show","_kad_post_feature":"","_kad_post_feature_position":"","_kad_post_header":false,"_kad_post_footer":false,"_kad_post_classname":"","footnotes":""},"class_list":["post-595","page","type-page","status-publish","has-post-thumbnail","hentry"],"taxonomy_info":[],"featured_image_src_large":["https:\/\/tao-magic-glisse.com\/wp-content\/uploads\/sites\/14\/2025\/10\/IMG_7276-1024x683.jpg",1024,683,true],"author_info":{"display_name":"manon","author_link":"https:\/\/tao-magic-glisse.com\/es\/author\/manon\/"},"comment_info":"","_links":{"self":[{"href":"https:\/\/tao-magic-glisse.com\/es\/wp-json\/wp\/v2\/pages\/595","targetHints":{"allow":["GET"]}}],"collection":[{"href":"https:\/\/tao-magic-glisse.com\/es\/wp-json\/wp\/v2\/pages"}],"about":[{"href":"https:\/\/tao-magic-glisse.com\/es\/wp-json\/wp\/v2\/types\/page"}],"author":[{"embeddable":true,"href":"https:\/\/tao-magic-glisse.com\/es\/wp-json\/wp\/v2\/users\/2"}],"replies":[{"embeddable":true,"href":"https:\/\/tao-magic-glisse.com\/es\/wp-json\/wp\/v2\/comments?post=595"}],"version-history":[{"count":0,"href":"https:\/\/tao-magic-glisse.com\/es\/wp-json\/wp\/v2\/pages\/595\/revisions"}],"wp:featuredmedia":[{"embeddable":true,"href":"https:\/\/tao-magic-glisse.com\/es\/wp-json\/wp\/v2\/media\/669"}],"wp:attachment":[{"href":"https:\/\/tao-magic-glisse.com\/es\/wp-json\/wp\/v2\/media?parent=595"}],"curies":[{"name":"wp","href":"https:\/\/api.w.org\/{rel}","templated":true}]}}