{"id":593,"date":"2025-10-17T14:31:42","date_gmt":"2025-10-17T12:31:42","guid":{"rendered":"https:\/\/tao-magic-glisse.com\/?page_id=593"},"modified":"2025-10-17T14:31:43","modified_gmt":"2025-10-17T12:31:43","slug":"cursos-de-surf","status":"publish","type":"page","link":"https:\/\/tao-magic-glisse.com\/es\/stages-a-lecole-de-surf\/","title":{"rendered":"Cursos de surf"},"content":{"rendered":"\n<p><a href=\"https:\/\/web.archive.org\/web\/20250426081754\/https:\/\/tao-magic-glisse.com\/wp-content\/uploads\/sites\/31\/2013\/03\/img_6687-846819e.jpg\"><\/a><\/p>\n\n\n<style>.wp-block-kadence-advancedheading.kt-adv-heading593_d7bfbe-35, .wp-block-kadence-advancedheading.kt-adv-heading593_d7bfbe-35[data-kb-block=\"kb-adv-heading593_d7bfbe-35\"]{font-style:normal;}.wp-block-kadence-advancedheading.kt-adv-heading593_d7bfbe-35 mark.kt-highlight, .wp-block-kadence-advancedheading.kt-adv-heading593_d7bfbe-35[data-kb-block=\"kb-adv-heading593_d7bfbe-35\"] mark.kt-highlight{font-style:normal;color:#f76a0c;-webkit-box-decoration-break:clone;box-decoration-break:clone;padding-top:0px;padding-right:0px;padding-bottom:0px;padding-left:0px;}.wp-block-kadence-advancedheading.kt-adv-heading593_d7bfbe-35 img.kb-inline-image, .wp-block-kadence-advancedheading.kt-adv-heading593_d7bfbe-35[data-kb-block=\"kb-adv-heading593_d7bfbe-35\"] img.kb-inline-image{width:150px;vertical-align:baseline;}<\/style>\n<h3 class=\"kt-adv-heading593_d7bfbe-35 wp-block-kadence-advancedheading has-theme-palette-9-color has-text-color\" data-kb-block=\"kb-adv-heading593_d7bfbe-35\">Tao Magic Glisse vous propose des\u00a0<mark class=\"has-inline-color has-theme-palette-1-color\">stages de 5 jours\u00a0<\/mark>s\u2019adressant \u00e0\u00a0<mark class=\"has-inline-color has-theme-palette-1-color\">tout public<\/mark>\u00a0et \u00e0\u00a0<mark class=\"has-inline-color has-theme-palette-1-color\">tous les niveaux<\/mark>\u00a0de surf,\u00a0<mark class=\"has-inline-color has-theme-palette-1-color\">l\u2019h\u00e9bergement n\u2019est pas inclus<\/mark>.<\/h3>\n\n\n\n<h2 class=\"wp-block-heading has-theme-palette-2-color has-text-color has-link-color wp-elements-87026e32fbe5c75e489a8ce0852946dd\">Lieu<\/h2>\n\n\n\n<p class=\"has-theme-palette-9-color has-text-color has-link-color wp-elements-36e1d41216ba3e3aec9d601a13092b8f\">Il existe deux types de stages:<br><strong>Le stage mi-temps<\/strong>: 1h30 de surf par jour<br><strong>Le stage plein temps<\/strong>: 3h de surf par jour.<br>Ces stages se d\u00e9roulent&nbsp;<strong>\u00e0 Hossegor sur la plage en face de l\u2019\u00e9cole<\/strong>, et selon les conditions m\u00e9t\u00e9o nous pouvons nous d\u00e9placer en voiture soit \u00e0&nbsp;<strong>Capbreton<\/strong>, soit \u00e0&nbsp;<strong>Seignosse<\/strong>, qui sont d\u2019autres spots de la c\u00f4te landaise.<\/p>\n\n\n\n<h2 class=\"wp-block-heading has-theme-palette-6-color has-text-color has-link-color wp-elements-714be98339254bc61d5d1913e5290298\">Mat\u00e9riel<\/h2>\n\n\n\n<p class=\"has-theme-palette-9-color has-text-color has-link-color wp-elements-0243bbde90b627cbd540bcd740b0c440\">Le club met \u00e0 disposition du mat\u00e9riel de surf adapt\u00e9 au niveau de l\u2019\u00e9l\u00e8ve. Les planches, les combinaisons et tous les \u00e9quipements propos\u00e9s par l\u2019\u00e9cole de surf d\u2019Hossegor Tao Magic Glisse sont tr\u00e8s fr\u00e9quemment renouvel\u00e9s. Soucieux de notre environnement, nous d\u00e9sinfectons toutes les combinaisons apr\u00e8s chaque utilisation avec un produit totalement bio et hypoallerg\u00e9nique pour une hygi\u00e8ne optimale.<\/p>\n\n\n\n<h2 class=\"wp-block-heading has-theme-palette-1-color has-text-color has-link-color wp-elements-520c3d168ee461cf268e8f5ecac4c449\">S\u00e9curit\u00e9 et encadrement<\/h2>\n\n\n\n<p class=\"has-theme-palette-9-color has-text-color has-link-color wp-elements-eabe3b34f370032b0e76c3c32642c4b7\">Chaque groupe (maximum de 8 personnes) ou chaque surfeur est encadr\u00e9 par un moniteur de l\u2019\u00e9quipe de moniteurs diplom\u00e9s du Brevet d\u2019Etat de la F\u00e9d\u00e9ration Fran\u00e7aise de Surf&nbsp;.<br>Les groupes sont compos\u00e9s par niveau. Les moniteurs accompagnent les \u00e9l\u00e8ves dans l\u2019eau.<\/p>\n\n\n\n<h2 class=\"wp-block-heading has-theme-palette-7-color has-text-color has-link-color wp-elements-a9306aa9c395db78c7df2eb4bf001978\">Tarif<\/h2>\n\n\n\n<p class=\"has-theme-palette-9-color has-text-color has-link-color wp-elements-80bd2a09e87217dc5a4eb2de9d2dc4e9\">Tarif par personne, cours + \u00e9quipement pour les 5 jours.<br>1h30 \/ jour ~ <strong>180\u20ac<\/strong><br>3h00 \/ jour ~ <strong>319\u20ac<\/strong><\/p>\n\n\n<style>.wp-block-kadence-advancedbtn.kt-btns593_97a478-0d, .site .entry-content .wp-block-kadence-advancedbtn.kt-btns593_97a478-0d, .wp-block-kadence-advancedbtn.kb-btns593_97a478-0d, .site .entry-content .wp-block-kadence-advancedbtn.kb-btns593_97a478-0d{margin-top:var(--global-kb-spacing-md, 2rem);margin-bottom:var(--global-kb-spacing-xl, 4rem);}.wp-block-kadence-advancedbtn.kb-btns593_97a478-0d{gap:var(--global-kb-gap-xs, 0.5rem );justify-content:center;align-items:center;}.kt-btns593_97a478-0d .kt-button{font-weight:normal;font-style:normal;}.kt-btns593_97a478-0d .kt-btn-wrap-0{margin-right:5px;}.wp-block-kadence-advancedbtn.kt-btns593_97a478-0d .kt-btn-wrap-0 .kt-button{color:#555555;border-color:#555555;}.wp-block-kadence-advancedbtn.kt-btns593_97a478-0d .kt-btn-wrap-0 .kt-button:hover, .wp-block-kadence-advancedbtn.kt-btns593_97a478-0d .kt-btn-wrap-0 .kt-button:focus{color:#ffffff;border-color:#444444;}.wp-block-kadence-advancedbtn.kt-btns593_97a478-0d .kt-btn-wrap-0 .kt-button::before{display:none;}.wp-block-kadence-advancedbtn.kt-btns593_97a478-0d .kt-btn-wrap-0 .kt-button:hover, .wp-block-kadence-advancedbtn.kt-btns593_97a478-0d .kt-btn-wrap-0 .kt-button:focus{background:#444444;}<\/style>\n<div class=\"wp-block-kadence-advancedbtn kb-buttons-wrap kb-btns593_97a478-0d\"><style>ul.menu .wp-block-kadence-advancedbtn .kb-btn593_7fb240-08.kb-button{width:initial;}.wp-block-kadence-advancedbtn .kb-btn593_7fb240-08.kb-button{margin-bottom:0px;}<\/style><a class=\"kb-button kt-button button kb-btn593_7fb240-08 kt-btn-size-standard kt-btn-width-type-auto kb-btn-global-inherit  kt-btn-has-text-true kt-btn-has-svg-false  wp-block-button__link wp-block-kadence-singlebtn\" href=\"https:\/\/tao-magic-glisse.com\/reservations\/\"><span class=\"kt-btn-inner-text\">R\u00e9serve ton stage<\/span><\/a><\/div>\n","protected":false},"excerpt":{"rendered":"<p>Tao Magic Glisse ofrece cursos de 5 d\u00edas para todos los niveles de surfistas. El alojamiento no est\u00e1 incluido. Ubicaci\u00f3n Hay dos tipos de curso:Curso a tiempo parcial: 1h30 de surf por d\u00edaCurso a tiempo completo: 3h de surf por d\u00edaEstos cursos tienen lugar en Hossegor en la playa frente a la escuela, y dependiendo de las condiciones...<\/p>","protected":false},"author":2,"featured_media":670,"parent":0,"menu_order":0,"comment_status":"closed","ping_status":"closed","template":"","meta":{"_kad_blocks_custom_css":"","_kad_blocks_head_custom_js":"","_kad_blocks_body_custom_js":"","_kad_blocks_footer_custom_js":"","_kadence_starter_templates_imported_post":false,"_kad_post_transparent":"","_kad_post_title":"","_kad_post_layout":"narrow","_kad_post_sidebar_id":"","_kad_post_content_style":"boxed","_kad_post_vertical_padding":"show","_kad_post_feature":"","_kad_post_feature_position":"","_kad_post_header":false,"_kad_post_footer":false,"_kad_post_classname":"","footnotes":""},"class_list":["post-593","page","type-page","status-publish","has-post-thumbnail","hentry"],"taxonomy_info":[],"featured_image_src_large":["https:\/\/tao-magic-glisse.com\/wp-content\/uploads\/sites\/14\/2025\/10\/IMG_8386-1024x683.jpg",1024,683,true],"author_info":{"display_name":"manon","author_link":"https:\/\/tao-magic-glisse.com\/es\/author\/manon\/"},"comment_info":"","_links":{"self":[{"href":"https:\/\/tao-magic-glisse.com\/es\/wp-json\/wp\/v2\/pages\/593","targetHints":{"allow":["GET"]}}],"collection":[{"href":"https:\/\/tao-magic-glisse.com\/es\/wp-json\/wp\/v2\/pages"}],"about":[{"href":"https:\/\/tao-magic-glisse.com\/es\/wp-json\/wp\/v2\/types\/page"}],"author":[{"embeddable":true,"href":"https:\/\/tao-magic-glisse.com\/es\/wp-json\/wp\/v2\/users\/2"}],"replies":[{"embeddable":true,"href":"https:\/\/tao-magic-glisse.com\/es\/wp-json\/wp\/v2\/comments?post=593"}],"version-history":[{"count":0,"href":"https:\/\/tao-magic-glisse.com\/es\/wp-json\/wp\/v2\/pages\/593\/revisions"}],"wp:featuredmedia":[{"embeddable":true,"href":"https:\/\/tao-magic-glisse.com\/es\/wp-json\/wp\/v2\/media\/670"}],"wp:attachment":[{"href":"https:\/\/tao-magic-glisse.com\/es\/wp-json\/wp\/v2\/media?parent=593"}],"curies":[{"name":"wp","href":"https:\/\/api.w.org\/{rel}","templated":true}]}}