{"id":591,"date":"2025-10-17T14:52:43","date_gmt":"2025-10-17T12:52:43","guid":{"rendered":"https:\/\/tao-magic-glisse.com\/?page_id=591"},"modified":"2026-04-09T13:41:42","modified_gmt":"2026-04-09T11:41:42","slug":"curso-de-surf-y-tenis","status":"publish","type":"page","link":"https:\/\/tao-magic-glisse.com\/es\/stage-de-surf-et-tennis\/","title":{"rendered":"Surf y tenis"},"content":{"rendered":"<style>.wp-block-kadence-advancedheading.kt-adv-heading591_d292b2-07, .wp-block-kadence-advancedheading.kt-adv-heading591_d292b2-07[data-kb-block=\"kb-adv-heading591_d292b2-07\"]{font-style:normal;}.wp-block-kadence-advancedheading.kt-adv-heading591_d292b2-07 mark.kt-highlight, .wp-block-kadence-advancedheading.kt-adv-heading591_d292b2-07[data-kb-block=\"kb-adv-heading591_d292b2-07\"] mark.kt-highlight{font-style:normal;color:#f76a0c;-webkit-box-decoration-break:clone;box-decoration-break:clone;padding-top:0px;padding-right:0px;padding-bottom:0px;padding-left:0px;}.wp-block-kadence-advancedheading.kt-adv-heading591_d292b2-07 img.kb-inline-image, .wp-block-kadence-advancedheading.kt-adv-heading591_d292b2-07[data-kb-block=\"kb-adv-heading591_d292b2-07\"] img.kb-inline-image{width:150px;vertical-align:baseline;}<\/style>\n<h3 class=\"kt-adv-heading591_d292b2-07 wp-block-kadence-advancedheading has-theme-palette-2-color has-text-color\" data-kb-block=\"kb-adv-heading591_d292b2-07\">Allier surf et tennis sur le m\u00eame stage!<\/h3>\n\n\n\n<p class=\"has-theme-palette-9-color has-text-color has-link-color wp-elements-e940476cbaa8b7838ddd2a744acddca5\">Tao Magic Glisse a \u00e9tabli un partenariat unique avec&nbsp;Odyssey Tennis Academy, l\u2019une des \u00e9coles de tennis embl\u00e9matique de Hossegor. Ce partenariat exceptionnel permet aux parents comme aux enfants de combiner surf et tennis durant la m\u00eame semaine de stage.<\/p>\n\n\n\n<h2 class=\"wp-block-heading has-theme-palette-1-color has-text-color has-link-color wp-elements-f31f12cd4caae6698bac5db17882ee3e\" id=\"emploi-du-temps-et-organisation\">Emploi du temps et organisation :<\/h2>\n\n\n\n<p class=\"has-theme-palette-9-color has-text-color has-link-color wp-elements-cae23ec2de89f072e913fcceaed930fe\">Chaque stage dur 5 jours allant du Lundi au Vendredi.<\/p>\n\n\n\n<h3 class=\"wp-block-heading has-theme-palette-8-color has-text-color has-link-color wp-elements-e1695aedd4779989ce6a516e76070299\" id=\"le-stage-de-base-consiste-en\">Le stage de base consiste en :<\/h3>\n\n\n\n<p class=\"has-theme-palette-9-color has-text-color has-link-color wp-elements-984bf0cf1814c1f3a971a3bb9be3edb2\">Une session de tennis de 1h30 par jour<br>Une session de surf de 1h30 par jour<br>L\u2019organisation de chaque journ\u00e9e varie en fonction de l\u2019horaire de la session surf.<\/p>\n\n\n\n<p class=\"has-theme-palette-9-color has-text-color has-link-color wp-elements-5664b759f2c0be983a2b7f3ee1e3a703\">En effet, les horaires des cours de surf sont d\u00e9termin\u00e9s en fonction des horaires des mar\u00e9es qui changent quotidiennement.<br>Les horaires des cours de tennis seront donc eux d\u00e9termin\u00e9s \u00e0 leur tour en fonction des horaires des cours de surf.<\/p>\n\n\n\n<p class=\"has-theme-palette-9-color has-text-color has-link-color wp-elements-a32dc3c216f3c4697cca47aa7227d362\">Un emploi du temps complet sera communiqu\u00e9 au minimum 7 jours avant le d\u00e9but de chaque stage.<\/p>\n\n\n\n<h2 class=\"wp-block-heading has-theme-palette-1-color has-text-color has-link-color wp-elements-0fc4e6ba9263062e775a5d0b6e1d3903\" id=\"formule-demi-pension-reserve-aux-moins-de-18-ans\">Formule demi-pension (r\u00e9serv\u00e9 aux moins de 18 ans)<\/h2>\n\n\n\n<p class=\"has-theme-palette-9-color has-text-color has-link-color wp-elements-88e3b55fee3af4a15fc46bb1dcc66844\">La formule demi-pension inclut le d\u00e9jeuner et une prise en charge compl\u00e8te du stagiaire entre le d\u00e9but de la premi\u00e8re activit\u00e9 et la fin de la deuxi\u00e8me. Chaque jour, le stagiaire doit simplement \u00eatre d\u00e9pos\u00e9 au lieu indiqu\u00e9 sur l\u2019emploi du temps (Hossegor Tennis Club ou Tao Surf). Celui-ci est d\u00e8s lors enti\u00e8rement pris en charge par l\u2019\u00e9quipe p\u00e9dagogique de Tao Surf et du Hossegor Tennis club, ceci jusqu\u2019\u00e0 la fin de sa journ\u00e9e o\u00f9 il doit \u00eatre r\u00e9cup\u00e9r\u00e9 au lieu de rendez-vous indiqu\u00e9 sur l\u2019emploi du temps (Hossegor Tennis Club ou Tao Surf).<\/p>\n\n\n\n<h4 class=\"wp-block-heading\" id=\"exemple-du-journee-type-en-demi-pension-commencant-par-le-stage-de-tennis\">Exemple du journ\u00e9e type en demi-pension commen\u00e7ant par le stage de tennis<\/h4>\n\n\n\n<figure class=\"wp-block-table\"><table class=\"has-fixed-layout\"><tbody><tr><td>9:45<\/td><td>D\u00e9p\u00f4t du stagiaire \u00e0 Hossegor Tennis Club<\/td><\/tr><tr><td>10:00 \u2013 11:30<\/td><td>Stage de tennis<\/td><\/tr><tr><td>11:30 \u2013 12:00<\/td><td>Repos au club encadr\u00e9<\/td><\/tr><tr><td>12:00 \u2013 12:45<\/td><td>D\u00e9jeuner au Hossegor Tennis Club<\/td><\/tr><tr><td>12:45 \u2013 14:00<\/td><td>Jeux \/ activit\u00e9s diverse au club<\/td><\/tr><tr><td>14:15<\/td><td>Accompagnement du stagiaire \u00e0 Tao Surf par l\u2019un de nos accompagnateurs<\/td><\/tr><tr><td>14:30 \u2013 16:00<\/td><td>Stage de surf<\/td><\/tr><tr><td>16:00<\/td><td>Fin de la journ\u00e9e \u2013 r\u00e9cup\u00e9ration du stagiaire \u00e0 Tao Surf<\/td><\/tr><\/tbody><\/table><\/figure>\n\n\n\n<h4 class=\"wp-block-heading\" id=\"exemple-du-journee-type-en-demi-pension-commencant-par-le-stage-de-tennis\">Exemple du journ\u00e9e type en demi-pension commen\u00e7ant par le stage de tennis<\/h4>\n\n\n\n<figure class=\"wp-block-table\"><table class=\"has-fixed-layout\"><tbody><tr><td>9:45<\/td><td>D\u00e9p\u00f4t du stagiaire \u00e0 Tao Surf<\/td><\/tr><tr><td>10:00 \u2013 11:30<\/td><td>Stage de surf<\/td><\/tr><tr><td>11:30 \u2013 12:00<\/td><td>Accompagnement du stagiaire \u00e0 Tao Surf par l\u2019un de nos accompagnateurs<\/td><\/tr><tr><td>12:00 \u2013 12:30<\/td><td>Repos au club encadr\u00e9<\/td><\/tr><tr><td>12:30 \u2013 13:30<\/td><td>D\u00e9jeuner au Hossegor Tennis Club<\/td><\/tr><tr><td>13:30 \u2013 14:30<\/td><td>Jeux \/ activit\u00e9s diverse au club<\/td><\/tr><tr><td>14:30 \u2013 16:00<\/td><td>Stage de tennis&nbsp;<\/td><\/tr><tr><td>16:00<\/td><td>Fin de la journ\u00e9e \u2013 r\u00e9cup\u00e9ration du stagiaire au Hossegor Tennis Club<\/td><\/tr><\/tbody><\/table><\/figure>\n\n\n\n<h2 class=\"wp-block-heading has-theme-palette-1-color has-text-color has-link-color wp-elements-675f4ab174f273377208c682d03cdece\" id=\"formule-pension-complete\">Formule pension compl\u00e8te<\/h2>\n\n\n\n<p class=\"has-theme-palette-9-color has-text-color has-link-color wp-elements-6516b5fb7a6d7f01153f9a0ef22f4b4b\">En addition de la formule demi-pension, la formule pension compl\u00e8te inclut :<\/p>\n\n\n\n<p class=\"has-theme-palette-9-color has-text-color has-link-color wp-elements-dd5f2d8c2351f9c26a7719d46e9c5de6\">Le logement<br>3 repas par jour<br>Encadrement p\u00e9dagogique 24\/24<br>Activit\u00e9s culturelles etc..<br>4 enfants minimum par stage<br>Inscriptions au minimum 2 mois \u00e0 l\u2019avance<br>Sous-r\u00e9serve de disponibilit\u00e9s<\/p>\n\n\n\n<h2 class=\"wp-block-heading has-theme-palette-1-color has-text-color has-link-color wp-elements-52fc17f26761a62cf0f4ac6cfa0b6564\" id=\"stages-scolaires\">Stages Scolaires<\/h2>\n\n\n\n<p class=\"has-theme-palette-9-color has-text-color has-link-color wp-elements-a8a0d803b72eddbef4d589a5ba73fc49\">Veuillez nous contacter directement si vous \u00eates un enseignant et souhaitez organiser un stage pour votre \u00e9tablissement ou votre classe.<br>Possibilit\u00e9 d\u2019organisation en pension compl\u00e8te.<\/p>\n\n\n<style>.wp-block-kadence-advancedheading.kt-adv-heading591_d7897f-27, .wp-block-kadence-advancedheading.kt-adv-heading591_d7897f-27[data-kb-block=\"kb-adv-heading591_d7897f-27\"]{font-style:normal;}.wp-block-kadence-advancedheading.kt-adv-heading591_d7897f-27 mark.kt-highlight, .wp-block-kadence-advancedheading.kt-adv-heading591_d7897f-27[data-kb-block=\"kb-adv-heading591_d7897f-27\"] mark.kt-highlight{font-style:normal;color:#f76a0c;-webkit-box-decoration-break:clone;box-decoration-break:clone;padding-top:0px;padding-right:0px;padding-bottom:0px;padding-left:0px;}.wp-block-kadence-advancedheading.kt-adv-heading591_d7897f-27 img.kb-inline-image, .wp-block-kadence-advancedheading.kt-adv-heading591_d7897f-27[data-kb-block=\"kb-adv-heading591_d7897f-27\"] img.kb-inline-image{width:150px;vertical-align:baseline;}<\/style>\n<h2 class=\"kt-adv-heading591_d7897f-27 wp-block-kadence-advancedheading has-theme-palette-1-color has-text-color\" data-kb-block=\"kb-adv-heading591_d7897f-27\"><a href=\"https:\/\/web.archive.org\/web\/20250426082030\/https:\/\/hossegortennis.com\/\" target=\"_blank\" rel=\"noopener\"><\/a>Contactez-nous<\/h2>\n\n\n\n<h4 class=\"wp-block-heading has-theme-palette-2-color has-text-color has-link-color wp-elements-44bc448de468ee0686fd75eb22b512f4\" id=\"glisse-et-tennis\">Le stage en Juillet et Ao\u00fbt<\/h4>\n\n\n\n<p class=\"has-theme-palette-9-color has-text-color has-link-color wp-elements-6e001b305d4d74c4c8ef582f9be76ce0\">\u25cf STAGES TENNIS (Stage classique, Intensif, Semi-Intensif\u2026)<br>\u25cf STAGES TENNIS &amp; SURF (Nous nous occupons de toute la logistique, possibilit\u00e9 de demi-pension)<\/p>\n\n\n\n<p class=\"has-theme-palette-9-color has-text-color has-link-color wp-elements-4c740e481b309348646770f06f15b121\"><strong>Options possibles<\/strong><br>&#8211; Externe<br>&#8211; Demi-pension (repas du midi, activit\u00e9s, navette entre le Tennis &amp; le Surf, etc)<br>&#8211; Pension compl\u00e8te<\/p>\n\n\n\n<h3 class=\"wp-block-heading has-theme-palette-8-color has-text-color has-link-color wp-elements-0bf81c77f636ad00531ff76012bc3eca\" id=\"inscriptions\">Inscriptions et infos<\/h3>\n\n\n\n<p class=\"has-theme-palette-9-color has-text-color has-link-color wp-elements-7b6aab79dedf0bc3e2e4b5091e561223\"><strong>Pour tous ces stages, veuillez demander un devis aupr\u00e8s du Hossegor Tennis Club.<\/strong><br>Email: <a href=\"mailto:info@odysseytennis.com\">info@odysseytennis.com<\/a><br>T\u00e9l: <a href=\"0033768457000\">+33 7 68 45 70 00<\/a><\/p>\n","protected":false},"excerpt":{"rendered":"<p>\u00a1Combine surf y tenis en el mismo campo! Tao Magic Glisse ha establecido una asociaci\u00f3n \u00fanica con Odyssey Tennis Academy, una de las principales escuelas de tenis de Hossegor. Esta asociaci\u00f3n excepcional permite a padres e hijos combinar el surf y el tenis durante la misma semana de clases. Horarios y organizaci\u00f3n: Cada curso...<\/p>","protected":false},"author":2,"featured_media":466,"parent":0,"menu_order":0,"comment_status":"closed","ping_status":"closed","template":"","meta":{"_kad_blocks_custom_css":"","_kad_blocks_head_custom_js":"","_kad_blocks_body_custom_js":"","_kad_blocks_footer_custom_js":"","_kadence_starter_templates_imported_post":false,"_kad_post_transparent":"","_kad_post_title":"","_kad_post_layout":"narrow","_kad_post_sidebar_id":"","_kad_post_content_style":"boxed","_kad_post_vertical_padding":"show","_kad_post_feature":"","_kad_post_feature_position":"","_kad_post_header":false,"_kad_post_footer":false,"_kad_post_classname":"","footnotes":""},"class_list":["post-591","page","type-page","status-publish","has-post-thumbnail","hentry"],"taxonomy_info":[],"featured_image_src_large":["https:\/\/tao-magic-glisse.com\/wp-content\/uploads\/sites\/14\/2025\/07\/DSC01541-1024x683.jpg",1024,683,true],"author_info":{"display_name":"manon","author_link":"https:\/\/tao-magic-glisse.com\/es\/author\/manon\/"},"comment_info":"","_links":{"self":[{"href":"https:\/\/tao-magic-glisse.com\/es\/wp-json\/wp\/v2\/pages\/591","targetHints":{"allow":["GET"]}}],"collection":[{"href":"https:\/\/tao-magic-glisse.com\/es\/wp-json\/wp\/v2\/pages"}],"about":[{"href":"https:\/\/tao-magic-glisse.com\/es\/wp-json\/wp\/v2\/types\/page"}],"author":[{"embeddable":true,"href":"https:\/\/tao-magic-glisse.com\/es\/wp-json\/wp\/v2\/users\/2"}],"replies":[{"embeddable":true,"href":"https:\/\/tao-magic-glisse.com\/es\/wp-json\/wp\/v2\/comments?post=591"}],"version-history":[{"count":2,"href":"https:\/\/tao-magic-glisse.com\/es\/wp-json\/wp\/v2\/pages\/591\/revisions"}],"predecessor-version":[{"id":1082,"href":"https:\/\/tao-magic-glisse.com\/es\/wp-json\/wp\/v2\/pages\/591\/revisions\/1082"}],"wp:featuredmedia":[{"embeddable":true,"href":"https:\/\/tao-magic-glisse.com\/es\/wp-json\/wp\/v2\/media\/466"}],"wp:attachment":[{"href":"https:\/\/tao-magic-glisse.com\/es\/wp-json\/wp\/v2\/media?parent=591"}],"curies":[{"name":"wp","href":"https:\/\/api.w.org\/{rel}","templated":true}]}}