{"id":558,"date":"2025-07-02T08:47:17","date_gmt":"2025-07-02T06:47:17","guid":{"rendered":"https:\/\/tao-magic-glisse.com\/?page_id=558"},"modified":"2025-10-17T10:44:48","modified_gmt":"2025-10-17T08:44:48","slug":"mietbedingungen","status":"publish","type":"page","link":"https:\/\/tao-magic-glisse.com\/de\/conditions-de-location\/","title":{"rendered":"Mietbedingungen"},"content":{"rendered":"<style>.kb-row-layout-id558_3235a9-1c > .kt-row-column-wrap{align-content:start;}:where(.kb-row-layout-id558_3235a9-1c > .kt-row-column-wrap) > .wp-block-kadence-column{justify-content:start;}.kb-row-layout-id558_3235a9-1c > .kt-row-column-wrap{column-gap:var(--global-kb-gap-md, 2rem);row-gap:var(--global-kb-gap-md, 2rem);max-width:var( --global-content-width, 1290px );padding-left:var(--global-content-edge-padding);padding-right:var(--global-content-edge-padding);padding-top:var(--global-kb-spacing-sm, 1.5rem);padding-bottom:var(--global-kb-spacing-sm, 1.5rem);}.kb-row-layout-id558_3235a9-1c > .kt-row-column-wrap > div:not(.added-for-specificity){grid-column:initial;}.kb-row-layout-id558_3235a9-1c > .kt-row-column-wrap{grid-template-columns:minmax(0, 1fr) minmax(0, 3fr) minmax(0, 1fr);}.kb-row-layout-id558_3235a9-1c > .kt-row-layout-overlay{opacity:0.30;}@media all and (max-width: 1024px){.kb-row-layout-id558_3235a9-1c > .kt-row-column-wrap > div:not(.added-for-specificity){grid-column:initial;}}@media all and (max-width: 1024px){.kb-row-layout-id558_3235a9-1c > .kt-row-column-wrap{grid-template-columns:minmax(0, 1fr) minmax(0, 3fr) minmax(0, 1fr);}}@media all and (max-width: 767px){.kb-row-layout-id558_3235a9-1c > .kt-row-column-wrap > div:not(.added-for-specificity){grid-column:initial;}.kb-row-layout-id558_3235a9-1c > .kt-row-column-wrap{grid-template-columns:minmax(0, 1fr);}}<\/style><div class=\"kb-row-layout-wrap kb-row-layout-id558_3235a9-1c alignnone has-theme-palette9-background-color kt-row-has-bg wp-block-kadence-rowlayout\"><div class=\"kt-row-column-wrap kt-has-3-columns kt-row-layout-center-wide kt-tab-layout-inherit kt-mobile-layout-row kt-row-valign-top kb-theme-content-width\">\n<style>.kadence-column558_7b8c67-f7 > .kt-inside-inner-col,.kadence-column558_7b8c67-f7 > .kt-inside-inner-col:before{border-top-left-radius:0px;border-top-right-radius:0px;border-bottom-right-radius:0px;border-bottom-left-radius:0px;}.kadence-column558_7b8c67-f7 > .kt-inside-inner-col{column-gap:var(--global-kb-gap-sm, 1rem);}.kadence-column558_7b8c67-f7 > .kt-inside-inner-col{flex-direction:column;}.kadence-column558_7b8c67-f7 > .kt-inside-inner-col > .aligncenter{width:100%;}.kadence-column558_7b8c67-f7 > .kt-inside-inner-col:before{opacity:0.3;}.kadence-column558_7b8c67-f7{position:relative;}@media all and (max-width: 1024px){.kadence-column558_7b8c67-f7 > .kt-inside-inner-col{flex-direction:column;justify-content:center;}}@media all and (max-width: 767px){.kadence-column558_7b8c67-f7 > .kt-inside-inner-col{flex-direction:column;justify-content:center;}}<\/style>\n<div class=\"wp-block-kadence-column kadence-column558_7b8c67-f7\"><div class=\"kt-inside-inner-col\"><\/div><\/div>\n\n\n<style>.kadence-column558_c469ba-2a > .kt-inside-inner-col,.kadence-column558_c469ba-2a > .kt-inside-inner-col:before{border-top-left-radius:0px;border-top-right-radius:0px;border-bottom-right-radius:0px;border-bottom-left-radius:0px;}.kadence-column558_c469ba-2a > .kt-inside-inner-col{column-gap:var(--global-kb-gap-sm, 1rem);}.kadence-column558_c469ba-2a > .kt-inside-inner-col{flex-direction:column;}.kadence-column558_c469ba-2a > .kt-inside-inner-col > .aligncenter{width:100%;}.kadence-column558_c469ba-2a > .kt-inside-inner-col:before{opacity:0.3;}.kadence-column558_c469ba-2a{position:relative;}@media all and (max-width: 1024px){.kadence-column558_c469ba-2a > .kt-inside-inner-col{flex-direction:column;justify-content:center;}}@media all and (max-width: 767px){.kadence-column558_c469ba-2a > .kt-inside-inner-col{flex-direction:column;justify-content:center;}}<\/style>\n<div class=\"wp-block-kadence-column kadence-column558_c469ba-2a\"><div class=\"kt-inside-inner-col\"><style>.wp-block-kadence-advancedheading.kt-adv-heading558_ca5fd2-17, .wp-block-kadence-advancedheading.kt-adv-heading558_ca5fd2-17[data-kb-block=\"kb-adv-heading558_ca5fd2-17\"]{font-weight:400;font-style:normal;}.wp-block-kadence-advancedheading.kt-adv-heading558_ca5fd2-17 mark.kt-highlight, .wp-block-kadence-advancedheading.kt-adv-heading558_ca5fd2-17[data-kb-block=\"kb-adv-heading558_ca5fd2-17\"] mark.kt-highlight{font-style:normal;color:#f76a0c;-webkit-box-decoration-break:clone;box-decoration-break:clone;padding-top:0px;padding-right:0px;padding-bottom:0px;padding-left:0px;}.wp-block-kadence-advancedheading.kt-adv-heading558_ca5fd2-17 img.kb-inline-image, .wp-block-kadence-advancedheading.kt-adv-heading558_ca5fd2-17[data-kb-block=\"kb-adv-heading558_ca5fd2-17\"] img.kb-inline-image{width:150px;vertical-align:baseline;}<\/style>\n<h1 class=\"kt-adv-heading558_ca5fd2-17 wp-block-kadence-advancedheading\" data-kb-block=\"kb-adv-heading558_ca5fd2-17\">Conditions de location<\/h1>\n\n\n\n<p>Les locations s\u2019effectuent au magasin Tao Surfshop de Hossegor. De plus si vous voulez acheter une planche de surf et que vous n\u2019\u00eates pas sur de votre choix Tao Magic Glisse vous propose de louer d\u2019abord : longboard, evolutive, shortboard, fish, etc\u2026&nbsp;<br><strong>Le mat\u00e9riel de location est renouvel\u00e9 r\u00e9guli\u00e8rement pour votre confort.<\/strong>&nbsp;Vous avez la possibilit\u00e9 d\u2019\u00e9changer votre mat\u00e9riel pendant la dur\u00e9e de votre location.&nbsp;<br><strong>Pour toutes locations, nous vous demanderons une pi\u00e8ce d\u2019identit\u00e9.&nbsp;<\/strong><br>En cas de dommage, vous \u00eates responsable du mat\u00e9riel. Voici une liste des tarifs selon l\u2019importance du dommage. Les tarifs sont approximatifs et adaptables \u00e0 chaque situation.<br>\u2022 Petit dommage&nbsp;: 30\u20ac<br>\u2022 Gros dommage&nbsp;: entre 50 et 100\u20ac &nbsp; &nbsp;&nbsp;<br>\u2022 D\u00e9rives cass\u00e9es ou perdue entre 15 et 25\u20ac&nbsp;<br>\u2022 Planche en mousse cass\u00e9e EN 2: 300\u20ac &nbsp; &nbsp; &nbsp; &nbsp; &nbsp; &nbsp; &nbsp;&nbsp;<br>\u2022 Planche en r\u00e9sine ou &nbsp;\u00e9poxy cass\u00e9e EN 2 : entre 400 et 600\u20ac (selon l\u2019\u00e9tat de la planche )<br>\u2022 Planche de Stand up paddle&nbsp;: 700\u20ac<\/p>\n<\/div><\/div>\n\n\n<style>.kadence-column558_69b801-5c > .kt-inside-inner-col,.kadence-column558_69b801-5c > .kt-inside-inner-col:before{border-top-left-radius:0px;border-top-right-radius:0px;border-bottom-right-radius:0px;border-bottom-left-radius:0px;}.kadence-column558_69b801-5c > .kt-inside-inner-col{column-gap:var(--global-kb-gap-sm, 1rem);}.kadence-column558_69b801-5c > .kt-inside-inner-col{flex-direction:column;}.kadence-column558_69b801-5c > .kt-inside-inner-col > .aligncenter{width:100%;}.kadence-column558_69b801-5c > .kt-inside-inner-col:before{opacity:0.3;}.kadence-column558_69b801-5c{position:relative;}@media all and (max-width: 1024px){.kadence-column558_69b801-5c > .kt-inside-inner-col{flex-direction:column;justify-content:center;}}@media all and (max-width: 767px){.kadence-column558_69b801-5c > .kt-inside-inner-col{flex-direction:column;justify-content:center;}}<\/style>\n<div class=\"wp-block-kadence-column kadence-column558_69b801-5c\"><div class=\"kt-inside-inner-col\"><\/div><\/div>\n\n<\/div><\/div>","protected":false},"excerpt":{"rendered":"<p>Mietbedingungen Der Verleih findet im Tao Surfshop in Hossegor statt. Wenn Sie ein Surfbrett kaufen m\u00f6chten und sich nicht sicher sind, bietet Ihnen Tao Magic Glisse die M\u00f6glichkeit, zun\u00e4chst folgende Surfbretter zu mieten: Longboard, Evolutive, Shortboard, Fish usw. Das Mietmaterial wird f\u00fcr Ihren Komfort regelm\u00e4\u00dfig erneuert. Sie haben<\/p>","protected":false},"author":2,"featured_media":0,"parent":0,"menu_order":0,"comment_status":"closed","ping_status":"closed","template":"","meta":{"_kad_blocks_custom_css":"","_kad_blocks_head_custom_js":"","_kad_blocks_body_custom_js":"","_kad_blocks_footer_custom_js":"","_kadence_starter_templates_imported_post":false,"_kad_post_transparent":"","_kad_post_title":"hide","_kad_post_layout":"","_kad_post_sidebar_id":"","_kad_post_content_style":"","_kad_post_vertical_padding":"","_kad_post_feature":"","_kad_post_feature_position":"","_kad_post_header":false,"_kad_post_footer":false,"_kad_post_classname":"","footnotes":""},"class_list":["post-558","page","type-page","status-publish","hentry"],"taxonomy_info":[],"featured_image_src_large":false,"author_info":{"display_name":"manon","author_link":"https:\/\/tao-magic-glisse.com\/de\/author\/manon\/"},"comment_info":"","_links":{"self":[{"href":"https:\/\/tao-magic-glisse.com\/de\/wp-json\/wp\/v2\/pages\/558","targetHints":{"allow":["GET"]}}],"collection":[{"href":"https:\/\/tao-magic-glisse.com\/de\/wp-json\/wp\/v2\/pages"}],"about":[{"href":"https:\/\/tao-magic-glisse.com\/de\/wp-json\/wp\/v2\/types\/page"}],"author":[{"embeddable":true,"href":"https:\/\/tao-magic-glisse.com\/de\/wp-json\/wp\/v2\/users\/2"}],"replies":[{"embeddable":true,"href":"https:\/\/tao-magic-glisse.com\/de\/wp-json\/wp\/v2\/comments?post=558"}],"version-history":[{"count":0,"href":"https:\/\/tao-magic-glisse.com\/de\/wp-json\/wp\/v2\/pages\/558\/revisions"}],"wp:attachment":[{"href":"https:\/\/tao-magic-glisse.com\/de\/wp-json\/wp\/v2\/media?parent=558"}],"curies":[{"name":"wp","href":"https:\/\/api.w.org\/{rel}","templated":true}]}}